{"id":20793,"date":"2025-10-06T12:13:01","date_gmt":"2025-10-06T11:13:01","guid":{"rendered":"http:\/\/139.162.165.175\/calidad\/"},"modified":"2025-12-04T13:52:01","modified_gmt":"2025-12-04T13:52:01","slug":"calidad","status":"publish","type":"page","link":"https:\/\/transportespauloduarte.pt\/es\/calidad\/","title":{"rendered":"Calidad"},"content":{"rendered":"\t\t<div data-elementor-type=\"wp-page\" data-elementor-id=\"20793\" class=\"elementor elementor-20793 elementor-2780\" data-elementor-post-type=\"page\">\n\t\t\t\t<div class=\"elementor-element elementor-element-5a27aa1 e-con-full e-flex e-con e-parent\" data-id=\"5a27aa1\" data-element_type=\"container\" data-e-type=\"container\" data-settings=\"{&quot;background_background&quot;:&quot;classic&quot;}\">\n\t\t<div class=\"elementor-element elementor-element-6a24011 e-flex e-con-boxed e-con e-child\" data-id=\"6a24011\" data-element_type=\"container\" data-e-type=\"container\" data-settings=\"{&quot;background_background&quot;:&quot;classic&quot;}\">\n\t\t\t\t\t<div class=\"e-con-inner\">\n\t\t\t\t<div class=\"elementor-element elementor-element-c39b83e elementor-invisible elementor-widget elementor-widget-heading\" data-id=\"c39b83e\" data-element_type=\"widget\" data-e-type=\"widget\" data-settings=\"{&quot;_animation&quot;:&quot;fadeInLeft&quot;}\" data-widget_type=\"heading.default\">\n\t\t\t\t<div class=\"elementor-widget-container\">\n\t\t\t\t\t<h2 class=\"elementor-heading-title elementor-size-default\">Calidad<\/h2>\t\t\t\t<\/div>\n\t\t\t\t<\/div>\n\t\t\t\t<div class=\"elementor-element elementor-element-e83c888 elementor-widget-divider--view-line elementor-widget elementor-widget-divider\" data-id=\"e83c888\" data-element_type=\"widget\" data-e-type=\"widget\" data-widget_type=\"divider.default\">\n\t\t\t\t<div class=\"elementor-widget-container\">\n\t\t\t\t\t\t\t<div class=\"elementor-divider\">\n\t\t\t<span class=\"elementor-divider-separator\">\n\t\t\t\t\t\t<\/span>\n\t\t<\/div>\n\t\t\t\t\t\t<\/div>\n\t\t\t\t<\/div>\n\t\t\t\t\t<\/div>\n\t\t\t\t<\/div>\n\t\t<div class=\"elementor-element elementor-element-6411c29 e-flex e-con-boxed e-con e-child\" data-id=\"6411c29\" data-element_type=\"container\" data-e-type=\"container\" data-settings=\"{&quot;background_background&quot;:&quot;classic&quot;}\">\n\t\t\t\t\t<div class=\"e-con-inner\">\n\t\t<div class=\"elementor-element elementor-element-9531b23 e-con-full e-flex e-con e-child\" data-id=\"9531b23\" data-element_type=\"container\" data-e-type=\"container\">\n\t\t\t\t<div class=\"elementor-element elementor-element-c41cda6 elementor-view-default elementor-widget elementor-widget-icon\" data-id=\"c41cda6\" data-element_type=\"widget\" data-e-type=\"widget\" data-widget_type=\"icon.default\">\n\t\t\t\t<div class=\"elementor-widget-container\">\n\t\t\t\t\t\t\t<div class=\"elementor-icon-wrapper\">\n\t\t\t<div class=\"elementor-icon\">\n\t\t\t<svg xmlns=\"http:\/\/www.w3.org\/2000\/svg\" id=\"Layer_1\" viewBox=\"0 0 511 511\"><path d=\"M258.3,181.2H66.7c-4.1,0-7.5,3.4-7.5,7.5s3.4,7.5,7.5,7.5h191.6c4.1,0,7.5-3.4,7.5-7.5s-3.4-7.5-7.5-7.5h0ZM400.5,213.2c-34.6,0-62.7,28.1-62.7,62.7s28.1,62.7,62.7,62.7,62.7-28.1,62.7-62.7-28.1-62.7-62.7-62.7h0ZM400.5,323.7c-26.3,0-47.8-21.4-47.8-47.8s21.4-47.8,47.8-47.8,47.8,21.4,47.8,47.8-21.4,47.8-47.8,47.8h0ZM503,267.5c5.3-7.7,6.6-17.2,3.7-26.1-2.9-8.9-9.6-15.8-18.4-18.9-5.8-2.1-9.7-7.4-9.9-13.6-.3-9.3-4.8-17.8-12.3-23.3-7.5-5.5-17-7.1-26-4.5-5.9,1.7-12.2-.3-16-5.2-5.7-7.4-14.3-11.6-23.7-11.6s-18,4.2-23.7,11.6c-3.8,4.9-10.1,6.9-16,5.2-9-2.6-18.4-1-26,4.5-7.5,5.5-12,14-12.3,23.3-.2,6.2-4.1,11.5-9.9,13.6-8.8,3.1-15.5,10-18.4,18.9-2.9,8.9-1.5,18.4,3.7,26.1,3.5,5.1,3.5,11.7,0,16.8-5.3,7.7-6.6,17.2-3.7,26.1,2.9,8.9,9.6,15.8,18.4,18.9,5.8,2.1,9.7,7.4,9.9,13.6.3,8.6,4.2,16.6,10.8,22.1,4.4,3.6,9.6,5.9,15.1,6.6v68.1c0,5.7,3.1,11.1,8.1,13.9,5,2.8,11.2,2.7,16.1-.3l27.5-16.9c.4-.3.7-.2,1,0l27.4,16.9c4.9,3,11.1,3.1,16.1.3,5-2.8,8.1-8.1,8.1-13.9v-68.1c5.5-.8,10.7-3,15.1-6.6,6.6-5.5,10.5-13.5,10.8-22.1.2-6.2,4.1-11.5,9.9-13.6,8.8-3.1,15.5-10,18.4-18.9,2.9-8.9,1.5-18.4-3.7-26.1-3.5-5.1-3.5-11.7,0-16.8h0s0,0,0,0h0ZM436.3,440.6l-27.5-16.9c-5.1-3.1-11.5-3.1-16.7,0l-27.5,16.9c-.6.4-1.4,0-1.4-.8v-69.6c5.1-.6,10.2,1.5,13.5,5.7,5.7,7.4,14.3,11.6,23.7,11.6s18-4.2,23.7-11.6c3.3-4.2,8.4-6.3,13.5-5.7v69.6c0,.7-.8,1.2-1.4.8h0ZM490.6,292.8c2.6,3.9,3.3,8.6,1.9,13-1.4,4.4-4.8,7.9-9.2,9.5-11.7,4.2-19.4,14.9-19.8,27.3-.1,4.4-2,8.3-5.4,11-3.8,3.1-8.8,4.3-13.8,2.9-11.9-3.5-24.5.6-32.1,10.4-2.9,3.7-7.2,5.8-11.8,5.8s-9-2.1-11.8-5.8c-5.8-7.5-14.5-11.6-23.6-11.6s-5.7.4-8.5,1.2c-5,1.4-10,.2-13.8-2.9-3.3-2.8-5.3-6.7-5.4-11-.4-12.4-8.2-23.1-19.8-27.3-4.4-1.6-7.7-5-9.2-9.5-1.4-4.4-.8-9.2,1.9-13,7-10.2,7-23.5,0-33.7-2.6-3.9-3.3-8.6-1.9-13,1.4-4.4,4.8-7.9,9.2-9.5,11.7-4.2,19.4-14.9,19.8-27.3.1-4.7,2.4-8.9,6.2-11.6,3.8-2.7,8.5-3.6,13-2.3,11.9,3.5,24.5-.6,32.1-10.4,2.9-3.7,7.2-5.8,11.8-5.8s9,2.1,11.8,5.8c7.6,9.8,20.2,13.9,32.1,10.4,4.5-1.3,9.2-.5,13,2.3,3.8,2.7,6,7,6.2,11.6.4,12.4,8.2,23.1,19.8,27.3,4.4,1.6,7.7,5,9.2,9.5,1.4,4.4.8,9.2-1.9,13-7,10.2-7,23.5,0,33.7h0ZM400.5,456.4c-4.1,0-7.5,3.4-7.5,7.5v10.1c0,12.2-9.9,22.1-22.1,22.1H39.8c-12.2,0-22.1-9.9-22.1-22.1V114.2c0-1.6.2-3.2.5-4.8h68.1c14.2,0,25.8-11.6,25.8-25.8V15.5c1.5-.3,3.1-.5,4.8-.5h253.9c12.2,0,22.1,9.9,22.1,22.1v99.6c0,4.1,3.4,7.5,7.5,7.5s7.5-3.4,7.5-7.5V37c0-20.4-16.6-37-37-37H117c-9.9,0-19.2,3.9-26.2,10.8L13.6,88c-7,7-10.8,16.3-10.8,26.2v359.8c0,20.4,16.6,37,37,37h331.1c20.4,0,37-16.6,37-37v-10.1c0-4.1-3.4-7.5-7.5-7.5h0ZM97.3,25.6v58.1c0,6-4.9,10.8-10.8,10.8H28.3L97.3,25.6h0ZM344.5,92.7v-24.3c0-9.3-7.5-16.8-16.8-16.8h-153.7c-9.3,0-16.8,7.5-16.8,16.8v24.3c0,9.3,7.5,16.8,16.8,16.8h13c4.1,0,7.5-3.4,7.5-7.5s-3.4-7.5-7.5-7.5h-13c-1,0-1.8-.8-1.8-1.8v-24.3c0-1,.8-1.8,1.8-1.8h153.7c1,0,1.8.8,1.8,1.8v24.3c0,1-.8,1.8-1.8,1.8h-105.7c-4.1,0-7.5,3.4-7.5,7.5s3.4,7.5,7.5,7.5h105.7c9.3,0,16.8-7.5,16.8-16.8h0ZM66.7,416c-4.1,0-7.5,3.4-7.5,7.5s3.4,7.5,7.5,7.5h96c4.1,0,7.5-3.4,7.5-7.5s-3.4-7.5-7.5-7.5h-96ZM265.8,346.4c0-4.1-3.4-7.5-7.5-7.5H66.7c-4.1,0-7.5,3.4-7.5,7.5s3.4,7.5,7.5,7.5h191.6c4.1,0,7.5-3.4,7.5-7.5h0ZM258.3,286.3H66.7c-4.1,0-7.5,3.4-7.5,7.5s3.4,7.5,7.5,7.5h191.6c4.1,0,7.5-3.4,7.5-7.5s-3.4-7.5-7.5-7.5h0ZM258.3,233.7H66.7c-4.1,0-7.5,3.4-7.5,7.5s3.4,7.5,7.5,7.5h191.6c4.1,0,7.5-3.4,7.5-7.5s-3.4-7.5-7.5-7.5h0Z\" style=\"fill-rule: evenodd;\"><\/path><\/svg>\t\t\t<\/div>\n\t\t<\/div>\n\t\t\t\t\t\t<\/div>\n\t\t\t\t<\/div>\n\t\t\t\t<div class=\"elementor-element elementor-element-5d51881 elementor-widget elementor-widget-heading\" data-id=\"5d51881\" data-element_type=\"widget\" data-e-type=\"widget\" data-widget_type=\"heading.default\">\n\t\t\t\t<div class=\"elementor-widget-container\">\n\t\t\t\t\t<h2 class=\"elementor-heading-title elementor-size-default\">Certificaci\u00f3n<\/h2>\t\t\t\t<\/div>\n\t\t\t\t<\/div>\n\t\t\t\t<div class=\"elementor-element elementor-element-58b4458 elementor-widget-divider--view-line elementor-widget elementor-widget-divider\" data-id=\"58b4458\" data-element_type=\"widget\" data-e-type=\"widget\" data-widget_type=\"divider.default\">\n\t\t\t\t<div class=\"elementor-widget-container\">\n\t\t\t\t\t\t\t<div class=\"elementor-divider\">\n\t\t\t<span class=\"elementor-divider-separator\">\n\t\t\t\t\t\t<\/span>\n\t\t<\/div>\n\t\t\t\t\t\t<\/div>\n\t\t\t\t<\/div>\n\t\t\t\t<div class=\"elementor-element elementor-element-c9d0cb9 elementor-invisible elementor-widget elementor-widget-text-editor\" data-id=\"c9d0cb9\" data-element_type=\"widget\" data-e-type=\"widget\" data-settings=\"{&quot;_animation&quot;:&quot;fadeInUp&quot;}\" data-widget_type=\"text-editor.default\">\n\t\t\t\t<div class=\"elementor-widget-container\">\n\t\t\t\t\t\t\t\t\t<p>La certificaci\u00f3n forma parte de nuestra estrategia de mejora continua y aumenta la competitividad de nuestros clientes.<\/p>\t\t\t\t\t\t\t\t<\/div>\n\t\t\t\t<\/div>\n\t\t\t\t<\/div>\n\t\t<div class=\"elementor-element elementor-element-c75ca6a e-con-full e-flex e-con e-child\" data-id=\"c75ca6a\" data-element_type=\"container\" data-e-type=\"container\">\n\t\t\t\t<div class=\"elementor-element elementor-element-52854ab elementor-view-default elementor-widget elementor-widget-icon\" data-id=\"52854ab\" data-element_type=\"widget\" data-e-type=\"widget\" data-widget_type=\"icon.default\">\n\t\t\t\t<div class=\"elementor-widget-container\">\n\t\t\t\t\t\t\t<div class=\"elementor-icon-wrapper\">\n\t\t\t<div class=\"elementor-icon\">\n\t\t\t<svg xmlns=\"http:\/\/www.w3.org\/2000\/svg\" height=\"511pt\" viewBox=\"1 1 511.99984 511\" width=\"511pt\"><path d=\"m512 256.5c0 50.53125-15 99.671875-43.375 142.113281-3.855469 5.769531-10.191406 8.886719-16.644531 8.886719-3.820313 0-7.683594-1.089844-11.097657-3.375-9.183593-6.136719-11.648437-18.558594-5.511718-27.742188 23.964844-35.839843 36.628906-77.292968 36.628906-119.882812 0-18.300781-2.289062-36.476562-6.804688-54.015625-2.753906-10.695313 3.6875-21.601563 14.382813-24.355469 10.703125-2.75 21.601563 3.6875 24.355469 14.382813 5.351562 20.796875 8.066406 42.324219 8.066406 63.988281zm-144.265625 184.894531c-33.59375 20.347657-72.230469 31.105469-111.734375 31.105469-119.101562 0-216-96.898438-216-216s96.898438-216 216-216c44.097656 0 86.5 13.195312 122.628906 38.160156 9.085938 6.277344 21.542969 4 27.824219-5.085937 6.277344-9.085938 4.003906-21.542969-5.085937-27.824219-42.84375-29.601562-93.109376-45.25-145.367188-45.25-68.378906 0-132.667969 26.628906-181.019531 74.980469-48.351563 48.351562-74.980469 112.640625-74.980469 181.019531s26.628906 132.667969 74.980469 181.019531c48.351562 48.351563 112.640625 74.980469 181.019531 74.980469 46.8125 0 92.617188-12.757812 132.460938-36.894531 9.449218-5.722657 12.46875-18.019531 6.746093-27.46875-5.726562-9.449219-18.023437-12.464844-27.472656-6.742188zm-109.804687-126.902343c-3.167969.125-6.125-1-8.421876-3.1875l-104.746093-99.316407c-8.015625-7.601562-20.675781-7.265625-28.273438.75-7.601562 8.015625-7.265625 20.675781.75 28.273438l104.726563 99.300781c9.671875 9.195312 22.183594 14.1875 35.441406 14.1875.710938 0 1.421875-.015625 2.132812-.042969 14.042969-.566406 26.941407-6.644531 36.316407-17.117187.238281-.261719.464843-.53125.6875-.808594l211.042969-262.5c6.921874-8.609375 5.554687-21.199219-3.054688-28.117188-8.605469-6.921874-21.199219-5.554687-28.121094 3.054688l-210.628906 261.988281c-2.070312 2.160157-4.84375 3.414063-7.851562 3.535157zm0 0\"><\/path><\/svg>\t\t\t<\/div>\n\t\t<\/div>\n\t\t\t\t\t\t<\/div>\n\t\t\t\t<\/div>\n\t\t\t\t<div class=\"elementor-element elementor-element-ac4eb47 elementor-widget elementor-widget-heading\" data-id=\"ac4eb47\" data-element_type=\"widget\" data-e-type=\"widget\" data-widget_type=\"heading.default\">\n\t\t\t\t<div class=\"elementor-widget-container\">\n\t\t\t\t\t<h2 class=\"elementor-heading-title elementor-size-default\">Auditor\u00edas<\/h2>\t\t\t\t<\/div>\n\t\t\t\t<\/div>\n\t\t\t\t<div class=\"elementor-element elementor-element-f485841 elementor-widget-divider--view-line elementor-widget elementor-widget-divider\" data-id=\"f485841\" data-element_type=\"widget\" data-e-type=\"widget\" data-widget_type=\"divider.default\">\n\t\t\t\t<div class=\"elementor-widget-container\">\n\t\t\t\t\t\t\t<div class=\"elementor-divider\">\n\t\t\t<span class=\"elementor-divider-separator\">\n\t\t\t\t\t\t<\/span>\n\t\t<\/div>\n\t\t\t\t\t\t<\/div>\n\t\t\t\t<\/div>\n\t\t\t\t<div class=\"elementor-element elementor-element-6280b47 elementor-invisible elementor-widget elementor-widget-text-editor\" data-id=\"6280b47\" data-element_type=\"widget\" data-e-type=\"widget\" data-settings=\"{&quot;_animation&quot;:&quot;fadeInUp&quot;}\" data-widget_type=\"text-editor.default\">\n\t\t\t\t<div class=\"elementor-widget-container\">\n\t\t\t\t\t\t\t\t\t<p>Como pr\u00e1ctica de gesti\u00f3n integrada, realizamos auditor\u00edas internas como complemento a las auditor\u00edas externas.<\/p>\t\t\t\t\t\t\t\t<\/div>\n\t\t\t\t<\/div>\n\t\t\t\t<\/div>\n\t\t\t\t\t<\/div>\n\t\t\t\t<\/div>\n\t\t<div class=\"elementor-element elementor-element-f03b28a e-flex e-con-boxed e-con e-child\" data-id=\"f03b28a\" data-element_type=\"container\" data-e-type=\"container\" data-settings=\"{&quot;background_background&quot;:&quot;classic&quot;}\">\n\t\t\t\t\t<div class=\"e-con-inner\">\n\t\t<div class=\"elementor-element elementor-element-42d009d e-con-full e-flex e-con e-child\" data-id=\"42d009d\" data-element_type=\"container\" data-e-type=\"container\">\n\t\t<div class=\"elementor-element elementor-element-b27c669 e-grid e-con-full e-con e-child\" data-id=\"b27c669\" data-element_type=\"container\" data-e-type=\"container\">\n\t\t\t\t<div class=\"elementor-element elementor-element-bee3069 elementor-widget elementor-widget-image\" data-id=\"bee3069\" data-element_type=\"widget\" data-e-type=\"widget\" data-widget_type=\"image.default\">\n\t\t\t\t<div class=\"elementor-widget-container\">\n\t\t\t\t\t\t\t\t\t\t\t\t\t\t\t<img fetchpriority=\"high\" decoding=\"async\" width=\"280\" height=\"280\" src=\"https:\/\/transportespauloduarte.pt\/wp-content\/uploads\/2025\/10\/sqas-color.webp\" class=\"attachment-full size-full wp-image-20788\" alt=\"\" srcset=\"https:\/\/transportespauloduarte.pt\/wp-content\/uploads\/2025\/10\/sqas-color.webp 280w, https:\/\/transportespauloduarte.pt\/wp-content\/uploads\/2025\/10\/sqas-color-150x150.webp 150w\" sizes=\"(max-width: 280px) 100vw, 280px\" \/>\t\t\t\t\t\t\t\t\t\t\t\t\t\t\t<\/div>\n\t\t\t\t<\/div>\n\t\t\t\t<div class=\"elementor-element elementor-element-dc78b3a elementor-widget elementor-widget-image\" data-id=\"dc78b3a\" data-element_type=\"widget\" data-e-type=\"widget\" data-widget_type=\"image.default\">\n\t\t\t\t<div class=\"elementor-widget-container\">\n\t\t\t\t\t\t\t\t\t\t\t\t\t\t\t<img decoding=\"async\" width=\"280\" height=\"280\" src=\"https:\/\/transportespauloduarte.pt\/wp-content\/uploads\/2025\/06\/gmp_plus.webp\" class=\"attachment-full size-full wp-image-20789\" alt=\"\" srcset=\"https:\/\/transportespauloduarte.pt\/wp-content\/uploads\/2025\/06\/gmp_plus.webp 280w, https:\/\/transportespauloduarte.pt\/wp-content\/uploads\/2025\/06\/gmp_plus-150x150.webp 150w\" sizes=\"(max-width: 280px) 100vw, 280px\" \/>\t\t\t\t\t\t\t\t\t\t\t\t\t\t\t<\/div>\n\t\t\t\t<\/div>\n\t\t\t\t<div class=\"elementor-element elementor-element-5beffe7 elementor-widget elementor-widget-image\" data-id=\"5beffe7\" data-element_type=\"widget\" data-e-type=\"widget\" data-widget_type=\"image.default\">\n\t\t\t\t<div class=\"elementor-widget-container\">\n\t\t\t\t\t\t\t\t\t\t\t\t\t\t\t<img decoding=\"async\" width=\"280\" height=\"280\" src=\"https:\/\/transportespauloduarte.pt\/wp-content\/uploads\/2025\/10\/apcer_iso-color.webp\" class=\"attachment-full size-full wp-image-20790\" alt=\"\" srcset=\"https:\/\/transportespauloduarte.pt\/wp-content\/uploads\/2025\/10\/apcer_iso-color.webp 280w, https:\/\/transportespauloduarte.pt\/wp-content\/uploads\/2025\/10\/apcer_iso-color-150x150.webp 150w\" sizes=\"(max-width: 280px) 100vw, 280px\" \/>\t\t\t\t\t\t\t\t\t\t\t\t\t\t\t<\/div>\n\t\t\t\t<\/div>\n\t\t\t\t<div class=\"elementor-element elementor-element-560b1da elementor-widget elementor-widget-image\" data-id=\"560b1da\" data-element_type=\"widget\" data-e-type=\"widget\" data-widget_type=\"image.default\">\n\t\t\t\t<div class=\"elementor-widget-container\">\n\t\t\t\t\t\t\t\t\t\t\t\t\t\t\t<img loading=\"lazy\" decoding=\"async\" width=\"280\" height=\"280\" src=\"https:\/\/transportespauloduarte.pt\/wp-content\/uploads\/2025\/10\/iqnet-color.webp\" class=\"attachment-full size-full wp-image-20791\" alt=\"\" srcset=\"https:\/\/transportespauloduarte.pt\/wp-content\/uploads\/2025\/10\/iqnet-color.webp 280w, https:\/\/transportespauloduarte.pt\/wp-content\/uploads\/2025\/10\/iqnet-color-150x150.webp 150w\" sizes=\"(max-width: 280px) 100vw, 280px\" \/>\t\t\t\t\t\t\t\t\t\t\t\t\t\t\t<\/div>\n\t\t\t\t<\/div>\n\t\t\t\t<\/div>\n\t\t\t\t<\/div>\n\t\t\t\t\t<\/div>\n\t\t\t\t<\/div>\n\t\t\t\t<\/div>\n\t\t\t\t<\/div>\n\t\t","protected":false},"excerpt":{"rendered":"<p>Certificaci\u00f3n La certificaci\u00f3n forma parte de nuestra estrategia de mejora continua y aumenta la competitividad de nuestros clientes. Auditor\u00edas Como pr\u00e1ctica de gesti\u00f3n integrada, realizamos auditor\u00edas internas como complemento a las auditor\u00edas externas.<\/p>\n","protected":false},"author":1,"featured_media":20792,"parent":0,"menu_order":6,"comment_status":"closed","ping_status":"closed","template":"","meta":{"_acf_changed":false,"footnotes":""},"class_list":["post-20793","page","type-page","status-publish","has-post-thumbnail","hentry"],"acf":[],"_links":{"self":[{"href":"https:\/\/transportespauloduarte.pt\/es\/wp-json\/wp\/v2\/pages\/20793","targetHints":{"allow":["GET"]}}],"collection":[{"href":"https:\/\/transportespauloduarte.pt\/es\/wp-json\/wp\/v2\/pages"}],"about":[{"href":"https:\/\/transportespauloduarte.pt\/es\/wp-json\/wp\/v2\/types\/page"}],"author":[{"embeddable":true,"href":"https:\/\/transportespauloduarte.pt\/es\/wp-json\/wp\/v2\/users\/1"}],"replies":[{"embeddable":true,"href":"https:\/\/transportespauloduarte.pt\/es\/wp-json\/wp\/v2\/comments?post=20793"}],"version-history":[{"count":3,"href":"https:\/\/transportespauloduarte.pt\/es\/wp-json\/wp\/v2\/pages\/20793\/revisions"}],"predecessor-version":[{"id":21237,"href":"https:\/\/transportespauloduarte.pt\/es\/wp-json\/wp\/v2\/pages\/20793\/revisions\/21237"}],"wp:featuredmedia":[{"embeddable":true,"href":"https:\/\/transportespauloduarte.pt\/es\/wp-json\/wp\/v2\/media\/20792"}],"wp:attachment":[{"href":"https:\/\/transportespauloduarte.pt\/es\/wp-json\/wp\/v2\/media?parent=20793"}],"curies":[{"name":"wp","href":"https:\/\/api.w.org\/{rel}","templated":true}]}}